{"id":240449,"date":"2026-03-05T13:48:00","date_gmt":"2026-03-05T13:48:00","guid":{"rendered":"https:\/\/mindpark.se\/?page_id=240449"},"modified":"2026-04-10T09:15:33","modified_gmt":"2026-04-10T09:15:33","slug":"cafe","status":"publish","type":"page","link":"https:\/\/mindpark.se\/en\/cafe\/","title":{"rendered":"Caf\u00e9"},"content":{"rendered":"<p>[et_pb_section fb_built=&#8221;1&#8243; fullwidth=&#8221;on&#8221; _builder_version=&#8221;4.25.1&#8243; _module_preset=&#8221;default&#8221; global_colors_info=&#8221;{}&#8221;][et_pb_fullwidth_header title=&#8221;Mindpark Caf\u00e9&#8221; subhead=&#8221;uppt\u00e4ck v\u00e5ra caf\u00e9er och work lounges&#8221; button_one_url=&#8221;https:\/\/mindpark.se\/kontorshotell-goteborg\/#letstalk-form&#8221; background_overlay_color=&#8221;rgba(125,112,96,0)&#8221; _builder_version=&#8221;4.27.4&#8243; _module_preset=&#8221;default&#8221; title_font=&#8221;Montserrat||||||||&#8221; title_font_size=&#8221;78px&#8221; subhead_font=&#8221;Montserrat|||on|||||&#8221; subhead_font_size=&#8221;17px&#8221; background_enable_color=&#8221;off&#8221; use_background_color_gradient=&#8221;on&#8221; background_color_gradient_stops=&#8221;rgba(16,9,0,0.7) 0%|rgba(0,0,0,0.5) 100%|rgba(16,9,0,0.7) 100%&#8221; background_color_gradient_overlays_image=&#8221;on&#8221; background_color_gradient_start=&#8221;rgba(0,0,0,0.5)&#8221; background_color_gradient_end=&#8221;rgba(0,0,0,0.71)&#8221; background_image=&#8221;https:\/\/mindpark.se\/wp-content\/uploads\/2026\/02\/Header_cafeservice.jpg&#8221; custom_button_one=&#8221;on&#8221; button_one_text_size=&#8221;16px&#8221; button_one_bg_color=&#8221;#a64649&#8243; button_one_border_color=&#8221;#a64649&#8243; button_one_border_radius=&#8221;100px&#8221; custom_padding=&#8221;300px||||false|false&#8221; custom_padding_tablet=&#8221;250px||||false|false&#8221; custom_padding_phone=&#8221;150px||||false|false&#8221; custom_padding_last_edited=&#8221;on|tablet&#8221; title_font_size_tablet=&#8221;78px&#8221; title_font_size_phone=&#8221;45px&#8221; title_font_size_last_edited=&#8221;on|desktop&#8221; global_colors_info=&#8221;{}&#8221;][\/et_pb_fullwidth_header][\/et_pb_section][et_pb_section fb_built=&#8221;1&#8243; custom_padding_last_edited=&#8221;on|phone&#8221; disabled_on=&#8221;off|off|off&#8221; _builder_version=&#8221;4.20.2&#8243; background_color=&#8221;#FFFFFF&#8221; custom_padding=&#8221;60px||60px||true|&#8221; custom_padding_tablet=&#8221;90px||90px|||&#8221; custom_padding_phone=&#8221;0px||0px||false|false&#8221; global_colors_info=&#8221;{}&#8221;][et_pb_row _builder_version=&#8221;4.20.2&#8243; _module_preset=&#8221;default&#8221; custom_padding=&#8221;||9px|||&#8221; global_colors_info=&#8221;{}&#8221; min_height=&#8221;226.2px&#8221;][et_pb_column type=&#8221;4_4&#8243; _builder_version=&#8221;4.20.2&#8243; _module_preset=&#8221;default&#8221; global_colors_info=&#8221;{}&#8221;][et_pb_text _builder_version=&#8221;4.27.4&#8243; text_font=&#8221;Montserrat|600|||||||&#8221; text_text_color=&#8221;#111111&#8243; text_font_size=&#8221;40px&#8221; text_letter_spacing=&#8221;-1px&#8221; text_line_height=&#8221;1em&#8221; header_font=&#8221;Rajdhani||||||||&#8221; header_text_color=&#8221;#323232&#8243; header_2_font=&#8221;Montserrat|600|||||||&#8221; header_2_text_color=&#8221;#323232&#8243; header_2_font_size=&#8221;32px&#8221; text_orientation=&#8221;center&#8221; custom_margin=&#8221;||15px||false|false&#8221; custom_margin_tablet=&#8221;||9px|||&#8221; custom_margin_phone=&#8221;60px||||false|false&#8221; custom_margin_last_edited=&#8221;on|phone&#8221; custom_padding=&#8221;||10px||false|false&#8221; hover_enabled=&#8221;0&#8243; text_font_size_tablet=&#8221;30px&#8221; text_font_size_phone=&#8221;29px&#8221; text_font_size_last_edited=&#8221;on|phone&#8221; text_line_height_tablet=&#8221;1em&#8221; text_line_height_phone=&#8221;1.1em&#8221; text_line_height_last_edited=&#8221;on|phone&#8221; header_2_text_align_tablet=&#8221;&#8221; header_2_text_align_phone=&#8221;left&#8221; header_2_text_align_last_edited=&#8221;on|phone&#8221; header_2_font_size_tablet=&#8221;32px&#8221; header_2_font_size_phone=&#8221;30px&#8221; header_2_font_size_last_edited=&#8221;on|phone&#8221; border_width_bottom=&#8221;1px&#8221; global_colors_info=&#8221;{}&#8221; sticky_enabled=&#8221;0&#8243;]<\/p>\n<h2>Ta en paus i arbetsdagen<\/h2>\n<p>[\/et_pb_text][et_pb_text _builder_version=&#8221;4.27.4&#8243; text_font=&#8221;Montserrat||||||||&#8221; text_text_color=&#8221;#000000&#8243; text_font_size=&#8221;15px&#8221; text_line_height=&#8221;2em&#8221; text_orientation=&#8221;center&#8221; width=&#8221;100%&#8221; custom_margin=&#8221;3px||||false|false&#8221; custom_margin_tablet=&#8221;-10px||||false|false&#8221; custom_margin_phone=&#8221;0px||||false|false&#8221; custom_margin_last_edited=&#8221;on|phone&#8221; hover_enabled=&#8221;0&#8243; global_colors_info=&#8221;{}&#8221; sticky_enabled=&#8221;0&#8243;]<\/p>\n<p style=\"text-align: left\">Fyll p\u00e5 med energi i v\u00e5ra caf\u00e9er! H\u00e4r hittar du allt fr\u00e5n nybryggt kaffe och frukostalternativ, till smidiga luncher som h\u00e5ller energin uppe hela dagen. V\u00e5ra Community Hosts ser till att du k\u00e4nner dig som hemma direkt \u2013 oavsett om du tar en snabb paus eller ett l\u00e4ngre lunchm\u00f6te. Nedan ser du vilka av v\u00e5ra platser som har ett caf\u00e9.<\/p>\n<p style=\"text-align: left\">Passa p\u00e5 att stanna och jobba fr\u00e5n v\u00e5ra h\u00e4rliga milj\u00f6er! Med ett Lounge Pass f\u00e5r du tillg\u00e5ng till caf\u00e9erna under en hel dag, samt v\u00e5ra work lounges p\u00e5 Mindpark G\u00f6teborg J\u00e4rntorget och Malm\u00f6 Hyllie Eden.<\/p>\n<p style=\"text-align: left\">[\/et_pb_text][\/et_pb_column][\/et_pb_row][et_pb_row column_structure=&#8221;1_2,1_2&#8243; use_custom_gutter=&#8221;on&#8221; gutter_width=&#8221;1&#8243; make_equal=&#8221;on&#8221; custom_padding_last_edited=&#8221;on|phone&#8221; _builder_version=&#8221;4.27.4&#8243; width=&#8221;100%&#8221; max_width=&#8221;100%&#8221; max_height=&#8221;450px&#8221; custom_margin=&#8221;60px|auto||auto||&#8221; custom_padding=&#8221;0px||0px||true|false&#8221; custom_padding_tablet=&#8221;0px||0px||true|false&#8221; custom_padding_phone=&#8221;||||true|false&#8221; global_colors_info=&#8221;{}&#8221;][et_pb_column type=&#8221;1_2&#8243; disabled_on=&#8221;on|off|off&#8221; _builder_version=&#8221;4.27.4&#8243; background_image=&#8221;https:\/\/mindpark.se\/wp-content\/uploads\/2026\/03\/Molndal_cafehi.jpg&#8221; global_colors_info=&#8221;{}&#8221;][et_pb_divider show_divider=&#8221;off&#8221; disabled_on=&#8221;off|off|on&#8221; _builder_version=&#8221;4.27.4&#8243; custom_padding=&#8221;0px||0px||true|false&#8221; global_colors_info=&#8221;{}&#8221;][\/et_pb_divider][\/et_pb_column][et_pb_column type=&#8221;1_2&#8243; _builder_version=&#8221;4.21.0&#8243; background_color=&#8221;#f9f2e8&#8243; custom_padding=&#8221;10vh|15vh|19vh|15vh|false|true&#8221; custom_padding_tablet=&#8221;100px|100px|100px|100px|true|true&#8221; custom_padding_phone=&#8221;60px|30px|60px|30px|true|true&#8221; custom_padding_last_edited=&#8221;on|phone&#8221; global_colors_info=&#8221;{}&#8221;][et_pb_text _builder_version=&#8221;4.27.4&#8243; text_font=&#8221;||||||||&#8221; text_text_color=&#8221;#555555&#8243; text_font_size=&#8221;18px&#8221; text_line_height=&#8221;28px&#8221; custom_margin=&#8221;10px||||false|false&#8221; custom_padding=&#8221;20px||17px||false|false&#8221; global_colors_info=&#8221;{}&#8221;]<\/p>\n<h4 style=\"text-align: left\"><strong>M\u00f6lndal Caf\u00e9 &amp; Bar<\/strong><\/h4>\n<p>Modern lounge-vibe m\u00f6ter klassiskt caf\u00e9-mys! I M\u00f6lndal serverar vi bland annat finkaffe, v\u00e4rmande soppor, maxade sallader och stans h\u00e4rligaste Taco Tuesday. Dessutom ger v\u00e5r bar dig m\u00f6jligheten att lyxa till lunchen eller eftermiddagen med n\u00e5got gott i glaset.<\/p>\n<p>[\/et_pb_text][\/et_pb_column][\/et_pb_row][et_pb_row column_structure=&#8221;1_2,1_2&#8243; use_custom_gutter=&#8221;on&#8221; gutter_width=&#8221;1&#8243; make_equal=&#8221;on&#8221; custom_padding_last_edited=&#8221;on|phone&#8221; _builder_version=&#8221;4.27.4&#8243; width=&#8221;100%&#8221; max_width=&#8221;100%&#8221; max_height=&#8221;450px&#8221; custom_padding=&#8221;0px||0px||true|false&#8221; custom_padding_tablet=&#8221;0px||0px||true|false&#8221; custom_padding_phone=&#8221;||||true|false&#8221; global_colors_info=&#8221;{}&#8221;][et_pb_column type=&#8221;1_2&#8243; _builder_version=&#8221;4.21.0&#8243; background_color=&#8221;#f9f2e8&#8243; custom_padding=&#8221;10vh|15vh|19vh|15vh|false|true&#8221; custom_padding_tablet=&#8221;100px|100px|100px|100px|true|true&#8221; custom_padding_phone=&#8221;60px|30px|60px|30px|true|true&#8221; custom_padding_last_edited=&#8221;on|phone&#8221; global_colors_info=&#8221;{}&#8221;][et_pb_text _builder_version=&#8221;4.27.4&#8243; text_font=&#8221;||||||||&#8221; text_text_color=&#8221;#555555&#8243; text_font_size=&#8221;18px&#8221; text_line_height=&#8221;28px&#8221; custom_margin=&#8221;10px||||false|false&#8221; custom_padding=&#8221;20px||17px||false|false&#8221; global_colors_info=&#8221;{}&#8221;]<\/p>\n<h4 style=\"text-align: left\"><strong>Helsingborg Caf\u00e9<\/strong><\/h4>\n<p>Hj\u00e4rtat i Fabriken1891 sedan 2009! Hit kommer hela huset f\u00f6r en sk\u00f6n paus. H\u00e4r serverar vi allt fr\u00e5n fr\u00e4scha sallader till krispiga grillmackor och m\u00e4ttande bakpotatisar \u2013 och stans kanske mest prisv\u00e4rda kaffe.<\/p>\n<p>[\/et_pb_text][\/et_pb_column][et_pb_column type=&#8221;1_2&#8243; disabled_on=&#8221;on|off|off&#8221; _builder_version=&#8221;4.27.4&#8243; background_image=&#8221;https:\/\/mindpark.se\/wp-content\/uploads\/2026\/03\/Helsingborg_cafehi.jpg&#8221; global_colors_info=&#8221;{}&#8221;][et_pb_divider show_divider=&#8221;off&#8221; disabled_on=&#8221;off|off|on&#8221; _builder_version=&#8221;4.27.4&#8243; min_height=&#8221;18.5px&#8221; custom_margin=&#8221;||-126px|||&#8221; custom_padding=&#8221;0px||0px||true|false&#8221; global_colors_info=&#8221;{}&#8221;][\/et_pb_divider][\/et_pb_column][\/et_pb_row][et_pb_row column_structure=&#8221;1_2,1_2&#8243; use_custom_gutter=&#8221;on&#8221; gutter_width=&#8221;1&#8243; make_equal=&#8221;on&#8221; custom_padding_last_edited=&#8221;on|phone&#8221; _builder_version=&#8221;4.27.4&#8243; width=&#8221;100%&#8221; max_width=&#8221;100%&#8221; max_height=&#8221;450px&#8221; custom_padding=&#8221;0px||0px||true|false&#8221; custom_padding_tablet=&#8221;0px||0px||true|false&#8221; custom_padding_phone=&#8221;||||true|false&#8221; global_colors_info=&#8221;{}&#8221;][et_pb_column type=&#8221;1_2&#8243; disabled_on=&#8221;on|off|off&#8221; _builder_version=&#8221;4.27.4&#8243; background_image=&#8221;https:\/\/mindpark.se\/wp-content\/uploads\/2026\/03\/hyllie_cafehi.jpg&#8221; global_colors_info=&#8221;{}&#8221;][et_pb_divider show_divider=&#8221;off&#8221; disabled_on=&#8221;off|off|on&#8221; _builder_version=&#8221;4.27.4&#8243; min_height=&#8221;4.5px&#8221; custom_margin=&#8221;||-215px|||&#8221; custom_padding=&#8221;0px||0px||true|false&#8221; global_colors_info=&#8221;{}&#8221;][\/et_pb_divider][\/et_pb_column][et_pb_column type=&#8221;1_2&#8243; _builder_version=&#8221;4.21.0&#8243; background_color=&#8221;#f9f2e8&#8243; custom_padding=&#8221;10vh|15vh|19vh|15vh|false|true&#8221; custom_padding_tablet=&#8221;100px|100px|100px|100px|true|true&#8221; custom_padding_phone=&#8221;60px|30px|60px|30px|true|true&#8221; custom_padding_last_edited=&#8221;on|phone&#8221; global_colors_info=&#8221;{}&#8221;][et_pb_text _builder_version=&#8221;4.27.4&#8243; text_font=&#8221;||||||||&#8221; text_text_color=&#8221;#555555&#8243; text_font_size=&#8221;18px&#8221; text_line_height=&#8221;28px&#8221; custom_margin=&#8221;10px||||false|false&#8221; custom_padding=&#8221;20px||17px||false|false&#8221; global_colors_info=&#8221;{}&#8221;]<\/p>\n<h4 style=\"text-align: left\"><strong>Hyllie Caf\u00e9<\/strong><\/h4>\n<p>I v\u00e5rt caf\u00e9 i Hyllie \u00e4r tempot h\u00f6gt och energin p\u00e5 topp. H\u00e4r \u00e4r v\u00e5ra toasts och energidryck de stora favoriterna bland husets hyresg\u00e4ster. Caf\u00e9et i Hyllie \u00e4r perfekt f\u00f6r dig som beh\u00f6ver en snabb frukost, en fr\u00e4sch lunchsallad eller ett smart mellanm\u00e5l fr\u00e5n v\u00e5ra v\u00e4lfyllda vending machines n\u00e4r du \u00e4r p\u00e5 spr\u00e5ng.<\/p>\n<p>[\/et_pb_text][\/et_pb_column][\/et_pb_row][et_pb_row column_structure=&#8221;1_2,1_2&#8243; use_custom_gutter=&#8221;on&#8221; gutter_width=&#8221;1&#8243; make_equal=&#8221;on&#8221; custom_padding_last_edited=&#8221;on|phone&#8221; _builder_version=&#8221;4.27.4&#8243; width=&#8221;100%&#8221; max_width=&#8221;100%&#8221; max_height=&#8221;450px&#8221; custom_margin=&#8221;|auto|-1px|auto||&#8221; custom_padding=&#8221;0px||0px||true|false&#8221; custom_padding_tablet=&#8221;0px||0px||true|false&#8221; custom_padding_phone=&#8221;||||true|false&#8221; global_colors_info=&#8221;{}&#8221;][et_pb_column type=&#8221;1_2&#8243; _builder_version=&#8221;4.21.0&#8243; background_color=&#8221;#f9f2e8&#8243; custom_padding=&#8221;10vh|15vh|19vh|15vh|false|true&#8221; custom_padding_tablet=&#8221;100px|100px|100px|100px|true|true&#8221; custom_padding_phone=&#8221;60px|30px|60px|30px|true|true&#8221; custom_padding_last_edited=&#8221;on|phone&#8221; global_colors_info=&#8221;{}&#8221;][et_pb_text _builder_version=&#8221;4.27.4&#8243; text_font=&#8221;||||||||&#8221; text_text_color=&#8221;#555555&#8243; text_font_size=&#8221;18px&#8221; text_line_height=&#8221;28px&#8221; custom_margin=&#8221;10px||||false|false&#8221; custom_padding=&#8221;20px||17px||false|false&#8221; global_colors_info=&#8221;{}&#8221;]<\/p>\n<h4 style=\"text-align: left\"><strong>Malm\u00f6 City Caf\u00e9<\/strong><\/h4>\n<p>H\u00e4r st\u00e5r kaffet alltid redo \u2013 oavsett om du vill ta med en kopp upp till kontoret eller beh\u00f6ver en v\u00e4lf\u00f6rtj\u00e4nt paus under dagen. Skulle matl\u00e5dan saknas hittar du alltid goda och enkla lunchalternativ h\u00e4r, som grillade mackor och pajer.<\/p>\n<p>[\/et_pb_text][\/et_pb_column][et_pb_column type=&#8221;1_2&#8243; disabled_on=&#8221;on|off|off&#8221; _builder_version=&#8221;4.27.4&#8243; background_image=&#8221;https:\/\/mindpark.se\/wp-content\/uploads\/2026\/03\/malmo_cafehi.jpg&#8221; global_colors_info=&#8221;{}&#8221;][et_pb_divider show_divider=&#8221;off&#8221; disabled_on=&#8221;off|off|on&#8221; _builder_version=&#8221;4.27.4&#8243; min_height=&#8221;85.5px&#8221; custom_margin=&#8221;||56px|||&#8221; custom_padding=&#8221;0px||0px||true|false&#8221; global_colors_info=&#8221;{}&#8221;][\/et_pb_divider][\/et_pb_column][\/et_pb_row][et_pb_row _builder_version=&#8221;4.27.4&#8243; _module_preset=&#8221;default&#8221; min_height=&#8221;515.5px&#8221; custom_padding=&#8221;60px|||||&#8221; global_module=&#8221;240953&#8243; saved_tabs=&#8221;all&#8221; global_colors_info=&#8221;{}&#8221;][et_pb_column type=&#8221;4_4&#8243; _builder_version=&#8221;4.27.4&#8243; _module_preset=&#8221;default&#8221; global_colors_info=&#8221;{}&#8221;][et_pb_slider _builder_version=&#8221;4.27.4&#8243; _module_preset=&#8221;default&#8221; background_color=&#8221;#faf3e8&#8243; background_image=&#8221;https:\/\/mindpark.se\/wp-content\/uploads\/2024\/06\/KvartettenMindpark-142-e1718871917520.jpg&#8221; custom_button=&#8221;on&#8221; button_border_radius=&#8221;100px&#8221; button_alignment=&#8221;center&#8221; custom_padding=&#8221;50px||62px|||&#8221; global_colors_info=&#8221;{}&#8221;][et_pb_slide heading=&#8221;Loungepass&#8221; button_text=&#8221;Loungepass fr\u00e5n 125 kr\/dag&#8221; button_link=&#8221;https:\/\/mindpark.se\/coworking\/#letstalk-coworking&#8221; image=&#8221;https:\/\/mindpark.se\/wp-content\/uploads\/2026\/03\/Coworking_loungepasshi.jpg&#8221; use_bg_overlay=&#8221;off&#8221; use_text_overlay=&#8221;off&#8221; image_tablet=&#8221;&#8221; image_phone=&#8221;&#8221; image_last_edited=&#8221;on|tablet&#8221; _builder_version=&#8221;4.27.4&#8243; _module_preset=&#8221;default&#8221; header_level=&#8221;h2&#8243; header_font=&#8221;|&#8211;et_global_heading_font_weight|||||||&#8221; header_font_size=&#8221;32px&#8221; body_font_size=&#8221;15px&#8221; background_enable_image=&#8221;off&#8221; custom_button=&#8221;on&#8221; button_text_size=&#8221;16px&#8221; button_bg_color=&#8221;#a64649&#8243; button_border_color=&#8221;RGBA(255,255,255,0)&#8221; button_use_icon=&#8221;off&#8221; button_alignment=&#8221;left&#8221; text_orientation=&#8221;left&#8221; background_layout=&#8221;light&#8221; global_colors_info=&#8221;{}&#8221; sticky_transition=&#8221;on&#8221;]<\/p>\n<p>Med Loungepasset f\u00e5r du en arbetsplats i v\u00e5ra \u00f6ppna ytor och caf\u00e9er med fritt wifi och tillg\u00e5ng till kaffe &#8211; perfekt n\u00e4r du vill l\u00e4mna hemmakontoret eller bara f\u00e5 lite milj\u00f6ombyte. Du har tillg\u00e5ng till loungen under v\u00e5ra bemannade \u00f6ppettider.<\/p>\n<p><span>1 dag 125 kr ex moms<br \/>10-kort 1 125 kr ex moms<br \/><\/span><span>25-kort 2 250 kr ex moms<\/span><\/p>\n<p>Loungeytor finns i Helsingborg, Malm\u00f6 Hyllie, G\u00f6teborg J\u00e4rntorget och M\u00f6lndal.<\/p>\n<p>[\/et_pb_slide][\/et_pb_slider][\/et_pb_column][\/et_pb_row][\/et_pb_section]<\/p>\n","protected":false},"excerpt":{"rendered":"<p>Ta en paus i arbetsdagenFyll p\u00e5 med energi i v\u00e5ra caf\u00e9er! H\u00e4r hittar du allt fr\u00e5n nybryggt kaffe och frukostalternativ, till smidiga luncher som h\u00e5ller energin uppe hela dagen. V\u00e5ra [&hellip;]<\/p>\n","protected":false},"author":30,"featured_media":0,"parent":0,"menu_order":0,"comment_status":"closed","ping_status":"closed","template":"","meta":{"_et_pb_use_builder":"on","_et_pb_old_content":"","_et_gb_content_width":"","footnotes":""},"class_list":["post-240449","page","type-page","status-publish","hentry"],"yoast_head":"<!-- This site is optimized with the Yoast SEO plugin v27.4 - https:\/\/yoast.com\/product\/yoast-seo-wordpress\/ -->\n<title>Caf\u00e9 - Mindpark<\/title>\n<meta name=\"description\" content=\"Hitta din favoritplats i v\u00e5ra caf\u00e9er i Hyllie, Malm\u00f6, M\u00f6lndal och Helsingborg. Gott kaffe, smidiga luncher och en h\u00e4rlig communityk\u00e4nsla.\" \/>\n<meta name=\"robots\" content=\"index, follow, max-snippet:-1, max-image-preview:large, max-video-preview:-1\" \/>\n<link rel=\"canonical\" href=\"https:\/\/mindpark.se\/en\/cafe\/\" \/>\n<meta property=\"og:locale\" content=\"en_US\" \/>\n<meta property=\"og:type\" content=\"article\" \/>\n<meta property=\"og:title\" content=\"Caf\u00e9 - Mindpark\" \/>\n<meta property=\"og:description\" content=\"Hitta din favoritplats i v\u00e5ra caf\u00e9er i Hyllie, Malm\u00f6, M\u00f6lndal och Helsingborg. Gott kaffe, smidiga luncher och en h\u00e4rlig communityk\u00e4nsla.\" \/>\n<meta property=\"og:url\" content=\"https:\/\/mindpark.se\/en\/cafe\/\" \/>\n<meta property=\"og:site_name\" content=\"Mindpark\" \/>\n<meta property=\"article:modified_time\" content=\"2026-04-10T09:15:33+00:00\" \/>\n<meta name=\"twitter:card\" content=\"summary_large_image\" \/>\n<meta name=\"twitter:label1\" content=\"Est. reading time\" \/>\n\t<meta name=\"twitter:data1\" content=\"2 minutes\" \/>\n<script type=\"application\/ld+json\" class=\"yoast-schema-graph\">{\"@context\":\"https:\\\/\\\/schema.org\",\"@graph\":[{\"@type\":\"WebPage\",\"@id\":\"https:\\\/\\\/mindpark.se\\\/cafe\\\/\",\"url\":\"https:\\\/\\\/mindpark.se\\\/cafe\\\/\",\"name\":\"Caf\u00e9 - Mindpark\",\"isPartOf\":{\"@id\":\"https:\\\/\\\/mindpark.se\\\/#website\"},\"datePublished\":\"2026-03-05T13:48:00+00:00\",\"dateModified\":\"2026-04-10T09:15:33+00:00\",\"description\":\"Hitta din favoritplats i v\u00e5ra caf\u00e9er i Hyllie, Malm\u00f6, M\u00f6lndal och Helsingborg. Gott kaffe, smidiga luncher och en h\u00e4rlig communityk\u00e4nsla.\",\"breadcrumb\":{\"@id\":\"https:\\\/\\\/mindpark.se\\\/cafe\\\/#breadcrumb\"},\"inLanguage\":\"en-US\",\"potentialAction\":[{\"@type\":\"ReadAction\",\"target\":[\"https:\\\/\\\/mindpark.se\\\/cafe\\\/\"]}]},{\"@type\":\"BreadcrumbList\",\"@id\":\"https:\\\/\\\/mindpark.se\\\/cafe\\\/#breadcrumb\",\"itemListElement\":[{\"@type\":\"ListItem\",\"position\":1,\"name\":\"Home\",\"item\":\"https:\\\/\\\/mindpark.se\\\/\"},{\"@type\":\"ListItem\",\"position\":2,\"name\":\"Caf\u00e9\"}]},{\"@type\":\"WebSite\",\"@id\":\"https:\\\/\\\/mindpark.se\\\/#website\",\"url\":\"https:\\\/\\\/mindpark.se\\\/\",\"name\":\"Mindpark\",\"description\":\"\",\"potentialAction\":[{\"@type\":\"SearchAction\",\"target\":{\"@type\":\"EntryPoint\",\"urlTemplate\":\"https:\\\/\\\/mindpark.se\\\/?s={search_term_string}\"},\"query-input\":{\"@type\":\"PropertyValueSpecification\",\"valueRequired\":true,\"valueName\":\"search_term_string\"}}],\"inLanguage\":\"en-US\"}]}<\/script>\n<!-- \/ Yoast SEO plugin. -->","yoast_head_json":{"title":"Caf\u00e9 - Mindpark","description":"Hitta din favoritplats i v\u00e5ra caf\u00e9er i Hyllie, Malm\u00f6, M\u00f6lndal och Helsingborg. Gott kaffe, smidiga luncher och en h\u00e4rlig communityk\u00e4nsla.","robots":{"index":"index","follow":"follow","max-snippet":"max-snippet:-1","max-image-preview":"max-image-preview:large","max-video-preview":"max-video-preview:-1"},"canonical":"https:\/\/mindpark.se\/en\/cafe\/","og_locale":"en_US","og_type":"article","og_title":"Caf\u00e9 - Mindpark","og_description":"Hitta din favoritplats i v\u00e5ra caf\u00e9er i Hyllie, Malm\u00f6, M\u00f6lndal och Helsingborg. Gott kaffe, smidiga luncher och en h\u00e4rlig communityk\u00e4nsla.","og_url":"https:\/\/mindpark.se\/en\/cafe\/","og_site_name":"Mindpark","article_modified_time":"2026-04-10T09:15:33+00:00","twitter_card":"summary_large_image","twitter_misc":{"Est. reading time":"2 minutes"},"schema":{"@context":"https:\/\/schema.org","@graph":[{"@type":"WebPage","@id":"https:\/\/mindpark.se\/cafe\/","url":"https:\/\/mindpark.se\/cafe\/","name":"Caf\u00e9 - Mindpark","isPartOf":{"@id":"https:\/\/mindpark.se\/#website"},"datePublished":"2026-03-05T13:48:00+00:00","dateModified":"2026-04-10T09:15:33+00:00","description":"Hitta din favoritplats i v\u00e5ra caf\u00e9er i Hyllie, Malm\u00f6, M\u00f6lndal och Helsingborg. Gott kaffe, smidiga luncher och en h\u00e4rlig communityk\u00e4nsla.","breadcrumb":{"@id":"https:\/\/mindpark.se\/cafe\/#breadcrumb"},"inLanguage":"en-US","potentialAction":[{"@type":"ReadAction","target":["https:\/\/mindpark.se\/cafe\/"]}]},{"@type":"BreadcrumbList","@id":"https:\/\/mindpark.se\/cafe\/#breadcrumb","itemListElement":[{"@type":"ListItem","position":1,"name":"Home","item":"https:\/\/mindpark.se\/"},{"@type":"ListItem","position":2,"name":"Caf\u00e9"}]},{"@type":"WebSite","@id":"https:\/\/mindpark.se\/#website","url":"https:\/\/mindpark.se\/","name":"Mindpark","description":"","potentialAction":[{"@type":"SearchAction","target":{"@type":"EntryPoint","urlTemplate":"https:\/\/mindpark.se\/?s={search_term_string}"},"query-input":{"@type":"PropertyValueSpecification","valueRequired":true,"valueName":"search_term_string"}}],"inLanguage":"en-US"}]}},"_links":{"self":[{"href":"https:\/\/mindpark.se\/en\/wp-json\/wp\/v2\/pages\/240449","targetHints":{"allow":["GET"]}}],"collection":[{"href":"https:\/\/mindpark.se\/en\/wp-json\/wp\/v2\/pages"}],"about":[{"href":"https:\/\/mindpark.se\/en\/wp-json\/wp\/v2\/types\/page"}],"author":[{"embeddable":true,"href":"https:\/\/mindpark.se\/en\/wp-json\/wp\/v2\/users\/30"}],"replies":[{"embeddable":true,"href":"https:\/\/mindpark.se\/en\/wp-json\/wp\/v2\/comments?post=240449"}],"version-history":[{"count":116,"href":"https:\/\/mindpark.se\/en\/wp-json\/wp\/v2\/pages\/240449\/revisions"}],"predecessor-version":[{"id":987510001,"href":"https:\/\/mindpark.se\/en\/wp-json\/wp\/v2\/pages\/240449\/revisions\/987510001"}],"wp:attachment":[{"href":"https:\/\/mindpark.se\/en\/wp-json\/wp\/v2\/media?parent=240449"}],"curies":[{"name":"wp","href":"https:\/\/api.w.org\/{rel}","templated":true}]}}