{"id":232257,"date":"2023-04-13T09:21:03","date_gmt":"2023-04-13T09:21:03","guid":{"rendered":"https:\/\/mindpark.se\/?page_id=232257"},"modified":"2023-08-30T09:38:44","modified_gmt":"2023-08-30T09:38:44","slug":"goteborg-central-coworking","status":"publish","type":"page","link":"https:\/\/mindpark.se\/en\/goteborg-central-coworking\/","title":{"rendered":"G\u00f6teborg Central Coworking"},"content":{"rendered":"<p>[et_pb_section fb_built=&#8221;1&#8243; fullwidth=&#8221;on&#8221; _builder_version=&#8221;4.16&#8243; _module_preset=&#8221;default&#8221; global_colors_info=&#8221;{}&#8221;][et_pb_fullwidth_header title=&#8221;Coworking space&#8221; subhead=&#8221;G\u00f6teborg central \u2013 Coworking Area opening november 2023&#8243; _builder_version=&#8221;4.18.0&#8243; _module_preset=&#8221;default&#8221; title_font=&#8221;Montserrat||||||||&#8221; title_font_size=&#8221;78px&#8221; subhead_font=&#8221;Montserrat|||on|||||&#8221; subhead_font_size=&#8221;17px&#8221; background_enable_color=&#8221;off&#8221; use_background_color_gradient=&#8221;on&#8221; background_color_gradient_stops=&#8221;rgba(0,0,0,0.5) 0%|rgba(0,0,0,0.71) 100%&#8221; background_color_gradient_overlays_image=&#8221;on&#8221; background_color_gradient_start=&#8221;rgba(0,0,0,0.5)&#8221; background_color_gradient_end=&#8221;rgba(0,0,0,0.71)&#8221; background_image=&#8221;https:\/\/mindpark.se\/wp-content\/uploads\/2022\/11\/Mindpark-coworking-space-malmo-hyllie-kontorshotell-1060&#215;660-1.jpg&#8221; title_font_size_tablet=&#8221;78px&#8221; title_font_size_phone=&#8221;45px&#8221; title_font_size_last_edited=&#8221;on|desktop&#8221; global_colors_info=&#8221;{}&#8221;][\/et_pb_fullwidth_header][\/et_pb_section][et_pb_section fb_built=&#8221;1&#8243; _builder_version=&#8221;4.16&#8243; _module_preset=&#8221;default&#8221; background_color=&#8221;#f9f2e8&#8243; min_height=&#8221;1001.6px&#8221; max_height=&#8221;856px&#8221; custom_padding=&#8221;|3px||0px||&#8221; global_colors_info=&#8221;{}&#8221;][et_pb_row module_id=&#8221;book&#8221; _builder_version=&#8221;4.16&#8243; _module_preset=&#8221;default&#8221; custom_padding=&#8221;||16px|||&#8221; global_colors_info=&#8221;{}&#8221;][et_pb_column type=&#8221;4_4&#8243; _builder_version=&#8221;4.16&#8243; _module_preset=&#8221;default&#8221; global_colors_info=&#8221;{}&#8221;][et_pb_text _builder_version=&#8221;4.20.4&#8243; _module_preset=&#8221;default&#8221; text_font_size=&#8221;19px&#8221; text_line_height=&#8221;1.6em&#8221; custom_margin=&#8221;||48px|||&#8221; custom_padding=&#8221;||0px|||&#8221; global_colors_info=&#8221;{}&#8221;]<\/p>\n<h3><span style=\"font-weight: 400;\">Mindpark G\u00f6teborg Central<\/span><\/h3>\n<p><span style=\"font-weight: 400;\">With a great location only a few minutes from G\u00f6teborg central station this is our our second workspace in G\u00f6teborg. Mindpark G\u00f6teborg Central offers flexible office solutions suitable for all kinds of companies. If you are looking for a new office on a really good location with all the service included you have now found it. You will also be a part of a large community in G\u00f6teborg, and as an extra plus you will get access to all our workspaces in G\u00f6teborg and Sk\u00e5ne when you become a coworker att Mindpark G\u00f6teborg Central. Just send an email to <span style=\"color: #a64649;\"><a href=\"mailto:goteborg@mindpark.se\" style=\"color: #a64649;\">goteborg@mindpark.se<\/a><\/span> or give us a call on <a href=\"call:0313204484\"><span style=\"color: #a64649;\">031 3204484 <span style=\"color: #000000;\">and we will invite you over for a coffee<\/span>.\u00a0<\/span><\/a><span style=\"color: #a64649;\"><\/span><\/span><\/p>\n<p>[\/et_pb_text][et_pb_button button_url=&#8221;#contact&#8221; button_text=&#8221;Come check us out!&#8221; button_alignment=&#8221;center&#8221; _builder_version=&#8221;4.20.4&#8243; _module_preset=&#8221;default&#8221; custom_button=&#8221;on&#8221; button_text_size=&#8221;19px&#8221; button_text_color=&#8221;#a54548&#8243; button_bg_color=&#8221;#fce3ea&#8221; button_border_color=&#8221;#ffa3bc&#8221; custom_padding=&#8221;8px||||false|false&#8221; global_colors_info=&#8221;{}&#8221;][\/et_pb_button][\/et_pb_column][\/et_pb_row][et_pb_row column_structure=&#8221;1_3,1_3,1_3&#8243; use_custom_gutter=&#8221;on&#8221; gutter_width=&#8221;2&#8243; _builder_version=&#8221;4.18.0&#8243; _module_preset=&#8221;default&#8221; global_colors_info=&#8221;{}&#8221;][et_pb_column type=&#8221;1_3&#8243; _builder_version=&#8221;4.18.0&#8243; _module_preset=&#8221;default&#8221; global_colors_info=&#8221;{}&#8221;][et_pb_slider _builder_version=&#8221;4.21.0&#8243; _module_preset=&#8221;default&#8221; header_font_size=&#8221;30px&#8221; background_image=&#8221;https:\/\/mindpark.se\/wp-content\/uploads\/2022\/11\/malmo-office.jpeg&#8221; custom_button=&#8221;on&#8221; button_text_size=&#8221;22px&#8221; button_text_color=&#8221;#FFFFFF&#8221; button_bg_color=&#8221;rgba(255,217,35,0.61)&#8221; width=&#8221;100%&#8221; min_height=&#8221;300px&#8221; filter_brightness=&#8221;139%&#8221; hover_enabled=&#8221;0&#8243; header_font_size_tablet=&#8221;30px&#8221; header_font_size_phone=&#8221;30px&#8221; header_font_size_last_edited=&#8221;on|desktop&#8221; global_colors_info=&#8221;{}&#8221; sticky_enabled=&#8221;0&#8243;][et_pb_slide heading=&#8221;Office&#8221; _builder_version=&#8221;4.21.0&#8243; _module_preset=&#8221;default&#8221; body_font_size=&#8221;26px&#8221; body_line_height=&#8221;1.4em&#8221; background_image=&#8221;https:\/\/mindpark.se\/wp-content\/uploads\/2023\/06\/2.jpg&#8221; background_enable_image=&#8221;on&#8221; background_blend=&#8221;overlay&#8221; hover_enabled=&#8221;0&#8243; global_colors_info=&#8221;{}&#8221; sticky_transition=&#8221;on&#8221; title_text=&#8221;2&#8243; sticky_enabled=&#8221;0&#8243;][\/et_pb_slide][\/et_pb_slider][et_pb_toggle title=&#8221;What&#8217;s included?&#8221; open_toggle_text_color=&#8221;#3a3a3a&#8221; icon_color=&#8221;#000000&#8243; _builder_version=&#8221;4.20.4&#8243; _module_preset=&#8221;default&#8221; title_text_color=&#8221;#3a3a3a&#8221; background_color=&#8221;#FFFFFF&#8221; custom_margin=&#8221;-30px||||false|false&#8221; border_style_all=&#8221;none&#8221; global_colors_info=&#8221;{}&#8221;]<\/p>\n<p>Flexibility is our jam! We have offices in many different shapes and sizes. You can be from 1 person up to 20 persons, or even more depending on your needs. The rooms are rented furnished with desks and ergonomic chair, but we really like it when our coworkers complete the rooms with their own personal touch.\u00a0<\/p>\n<p><strong>This is included:<\/strong><\/p>\n<ul>\n<li>Access to all Mindpark sites<\/li>\n<li>Smaller meeting rooms and phone booths<\/li>\n<li>Coffee and tea \u2013 as much as you can drink<\/li>\n<li>Access to the coworking space 24\/7<\/li>\n<li>Wifi \u2013 high speed<\/li>\n<li>Postbox<\/li>\n<li>Printer (GDPR secure)<\/li>\n<li>Being a a part of our lovely community<br \/>\u2026and more.<\/li>\n<\/ul>\n<p><strong>Notice:\u00a0<\/strong>3 months<\/p>\n<p>[\/et_pb_toggle][\/et_pb_column][et_pb_column type=&#8221;1_3&#8243; _builder_version=&#8221;4.18.0&#8243; _module_preset=&#8221;default&#8221; global_colors_info=&#8221;{}&#8221;][et_pb_slider _builder_version=&#8221;4.21.0&#8243; _module_preset=&#8221;default&#8221; header_font_size=&#8221;30px&#8221; background_image=&#8221;https:\/\/mindpark.se\/wp-content\/uploads\/2022\/11\/studio_2_hbg.jpeg&#8221; custom_button=&#8221;on&#8221; button_text_size=&#8221;22px&#8221; button_text_color=&#8221;#FFFFFF&#8221; button_bg_color=&#8221;rgba(255,217,35,0.61)&#8221; width=&#8221;100%&#8221; min_height=&#8221;300px&#8221; custom_padding=&#8221;||78px|||&#8221; filter_brightness=&#8221;140%&#8221; hover_enabled=&#8221;0&#8243; header_font_size_tablet=&#8221;30px&#8221; header_font_size_phone=&#8221;30px&#8221; header_font_size_last_edited=&#8221;on|desktop&#8221; global_colors_info=&#8221;{}&#8221; sticky_enabled=&#8221;0&#8243;][et_pb_slide heading=&#8221;Desk&#8221; _builder_version=&#8221;4.21.0&#8243; _module_preset=&#8221;default&#8221; body_font_size=&#8221;26px&#8221; body_line_height=&#8221;1.4em&#8221; background_image=&#8221;https:\/\/mindpark.se\/wp-content\/uploads\/2023\/06\/3.jpg&#8221; background_enable_image=&#8221;on&#8221; background_blend=&#8221;overlay&#8221; hover_enabled=&#8221;0&#8243; global_colors_info=&#8221;{}&#8221; sticky_transition=&#8221;on&#8221; title_text=&#8221;3&#8243; sticky_enabled=&#8221;0&#8243;][\/et_pb_slide][\/et_pb_slider][et_pb_toggle title=&#8221;What&#8217;s included?&#8221; open_toggle_text_color=&#8221;#3a3a3a&#8221; icon_color=&#8221;#000000&#8243; _builder_version=&#8221;4.20.4&#8243; _module_preset=&#8221;default&#8221; title_text_color=&#8221;#3a3a3a&#8221; background_color=&#8221;#FFFFFF&#8221; custom_margin=&#8221;-32px||||false|false&#8221; border_style_all=&#8221;none&#8221; global_colors_info=&#8221;{}&#8221;]<\/p>\n<p>Choose between fix or flex desk in our workspace. With a fix desk you have your own desk, and with a flex desk you choose a desk available. Both options include a great workspace with an inspiring atmosphere that brings all the productivity and community needed for a great work day.<\/p>\n<p><strong>This is included:<\/strong><\/p>\n<ul>\n<li>Access to all Mindpark sites<\/li>\n<li>Access to the coworking space 24\/7<\/li>\n<li>Height-adjustable desk and ergonomic chair<\/li>\n<li>Smaller meeting rooms and phone booths<\/li>\n<li>Coffee and tea \u2013 as much as you can drink<\/li>\n<li>Wifi \u2013 high speed<\/li>\n<li>Postbox<\/li>\n<li>Locker<\/li>\n<li>Printer (GDPR secure)<\/li>\n<li>Being a part of our thriving and inspiring community<br \/>\u2026and more.<\/li>\n<\/ul>\n<p><strong>Notice:\u00a0<\/strong>1\u00a0month<\/p>\n<p>[\/et_pb_toggle][\/et_pb_column][et_pb_column type=&#8221;1_3&#8243; _builder_version=&#8221;4.18.0&#8243; _module_preset=&#8221;default&#8221; global_colors_info=&#8221;{}&#8221;][et_pb_slider _builder_version=&#8221;4.21.0&#8243; _module_preset=&#8221;default&#8221; header_font_size=&#8221;30px&#8221; background_enable_image=&#8221;off&#8221; custom_button=&#8221;on&#8221; button_text_size=&#8221;22px&#8221; button_text_color=&#8221;#FFFFFF&#8221; button_bg_color=&#8221;rgba(255,217,35,0.61)&#8221; width=&#8221;100%&#8221; min_height=&#8221;300px&#8221; filter_brightness=&#8221;140%&#8221; hover_enabled=&#8221;0&#8243; header_font_size_tablet=&#8221;30px&#8221; header_font_size_phone=&#8221;30px&#8221; header_font_size_last_edited=&#8221;on|desktop&#8221; global_colors_info=&#8221;{}&#8221; sticky_enabled=&#8221;0&#8243;][et_pb_slide heading=&#8221;Day Pass&#8221; _builder_version=&#8221;4.21.0&#8243; _module_preset=&#8221;default&#8221; body_font_size=&#8221;26px&#8221; body_line_height=&#8221;1.4em&#8221; background_image=&#8221;https:\/\/mindpark.se\/wp-content\/uploads\/2023\/06\/6.jpg&#8221; background_enable_image=&#8221;on&#8221; background_blend=&#8221;overlay&#8221; filter_brightness=&#8221;140%&#8221; hover_enabled=&#8221;0&#8243; global_colors_info=&#8221;{}&#8221; sticky_transition=&#8221;on&#8221; title_text=&#8221;6&#8243; sticky_enabled=&#8221;0&#8243;][\/et_pb_slide][\/et_pb_slider][et_pb_toggle title=&#8221;What&#8217;s included?&#8221; open_toggle_text_color=&#8221;#3a3a3a&#8221; icon_color=&#8221;#000000&#8243; _builder_version=&#8221;4.20.1&#8243; _module_preset=&#8221;default&#8221; title_text_color=&#8221;#3a3a3a&#8221; background_color=&#8221;#FFFFFF&#8221; custom_margin=&#8221;-32px||||false|false&#8221; border_style_all=&#8221;none&#8221; global_colors_info=&#8221;{}&#8221;]<\/p>\n<p>Looking for a place to work for a day now and then or during a period of time? Then our day passes is a nice option for you. Easy, no strings attached and all the good stuff that comes with our workspaces.<\/p>\n<p><strong>Day Pass<\/strong>:<br \/>250 SEK ex.VAT<\/p>\n<p><strong>Multiple Day Pass<\/strong>:<br \/>10 days: 2250 SEK ex.VAT (10% discount)<br \/>25 days: 5000 SEK ex.VAT (20 % discount)<br \/>50 days: 8750 SEK ex.VAT (30 % discount)<\/p>\n<p><strong>This is included:<\/strong><\/p>\n<ul>\n<li>Access to all Mindpark sites<\/li>\n<li>Acess to our coworking and community area during opening hours<\/li>\n<li>Height-adjustable desk with an ergonomic chair<\/li>\n<li>Access to smaller meeting rooms and phone booths<\/li>\n<li>Coffee and tea \u2013 as much as you can drink!<\/li>\n<li>Wifi \u2013 high speed<\/li>\n<li>Printer<\/li>\n<\/ul>\n<p>[\/et_pb_toggle][\/et_pb_column][\/et_pb_row][\/et_pb_section][et_pb_section fb_built=&#8221;1&#8243; _builder_version=&#8221;4.19.5&#8243; _module_preset=&#8221;default&#8221; global_colors_info=&#8221;{}&#8221;][et_pb_row _builder_version=&#8221;4.19.5&#8243; _module_preset=&#8221;default&#8221; width=&#8221;69%&#8221; module_alignment=&#8221;center&#8221; global_colors_info=&#8221;{}&#8221;][et_pb_column type=&#8221;4_4&#8243; _builder_version=&#8221;4.19.5&#8243; _module_preset=&#8221;default&#8221; global_colors_info=&#8221;{}&#8221;][et_pb_code _builder_version=&#8221;4.19.5&#8243; _module_preset=&#8221;default&#8221; global_colors_info=&#8221;{}&#8221;]<\/p>\n<div id=\"contact\"><!-- [et_pb_line_break_holder] -->  <!-- [et_pb_line_break_holder] --><\/div>\n<p>[\/et_pb_code][et_pb_text _builder_version=&#8221;4.20.4&#8243; _module_preset=&#8221;default&#8221; global_colors_info=&#8221;{}&#8221;]<\/p>\n<p>Interested to know more about us? Send a request below.<\/p>\n<p>[\/et_pb_text][et_pb_code _builder_version=&#8221;4.20.4&#8243; _module_preset=&#8221;default&#8221; global_colors_info=&#8221;{}&#8221;]<script charset=\"utf-8\" type=\"text\/javascript\" src=\"\/\/js-eu1.hsforms.net\/forms\/embed\/v2.js\"><\/script><!-- [et_pb_line_break_holder] --><script><!-- [et_pb_line_break_holder] -->  hbspt.forms.create({<!-- [et_pb_line_break_holder] -->    region: \"eu1\",<!-- [et_pb_line_break_holder] -->    portalId: \"25058510\",<!-- [et_pb_line_break_holder] -->    formId: \"a3168323-358f-402a-a5e2-52226032179a\"<!-- [et_pb_line_break_holder] -->  });<!-- [et_pb_line_break_holder] --><\/script>[\/et_pb_code][\/et_pb_column][\/et_pb_row][\/et_pb_section]<\/p>\n","protected":false},"excerpt":{"rendered":"<p>Mindpark G\u00f6teborg Central With a great location only a few minutes from G\u00f6teborg central station this is our our second workspace in G\u00f6teborg. Mindpark G\u00f6teborg Central offers flexible office solutions [&hellip;]<\/p>\n","protected":false},"author":22,"featured_media":0,"parent":0,"menu_order":0,"comment_status":"closed","ping_status":"closed","template":"","meta":{"_et_pb_use_builder":"on","_et_pb_old_content":"","_et_gb_content_width":"","footnotes":""},"class_list":["post-232257","page","type-page","status-publish","hentry"],"yoast_head":"<!-- This site is optimized with the Yoast SEO plugin v27.5 - https:\/\/yoast.com\/product\/yoast-seo-wordpress\/ -->\n<title>G\u00f6teborg Central Coworking - Mindpark<\/title>\n<meta name=\"robots\" content=\"index, follow, max-snippet:-1, max-image-preview:large, max-video-preview:-1\" \/>\n<link rel=\"canonical\" href=\"https:\/\/mindpark.se\/en\/goteborg-central-coworking\/\" \/>\n<meta property=\"og:locale\" content=\"en_US\" \/>\n<meta property=\"og:type\" content=\"article\" \/>\n<meta property=\"og:title\" content=\"G\u00f6teborg Central Coworking - Mindpark\" \/>\n<meta property=\"og:description\" content=\"Mindpark G\u00f6teborg Central With a great location only a few minutes from G\u00f6teborg central station this is our our second workspace in G\u00f6teborg. Mindpark G\u00f6teborg Central offers flexible office solutions [&hellip;]\" \/>\n<meta property=\"og:url\" content=\"https:\/\/mindpark.se\/en\/goteborg-central-coworking\/\" \/>\n<meta property=\"og:site_name\" content=\"Mindpark\" \/>\n<meta property=\"article:modified_time\" content=\"2023-08-30T09:38:44+00:00\" \/>\n<meta name=\"twitter:card\" content=\"summary_large_image\" \/>\n<meta name=\"twitter:label1\" content=\"Est. reading time\" \/>\n\t<meta name=\"twitter:data1\" content=\"3 minutes\" \/>\n<script type=\"application\/ld+json\" class=\"yoast-schema-graph\">{\"@context\":\"https:\\\/\\\/schema.org\",\"@graph\":[{\"@type\":\"WebPage\",\"@id\":\"https:\\\/\\\/mindpark.se\\\/goteborg-central-coworking\\\/\",\"url\":\"https:\\\/\\\/mindpark.se\\\/goteborg-central-coworking\\\/\",\"name\":\"G\u00f6teborg Central Coworking - Mindpark\",\"isPartOf\":{\"@id\":\"https:\\\/\\\/mindpark.se\\\/#website\"},\"datePublished\":\"2023-04-13T09:21:03+00:00\",\"dateModified\":\"2023-08-30T09:38:44+00:00\",\"breadcrumb\":{\"@id\":\"https:\\\/\\\/mindpark.se\\\/goteborg-central-coworking\\\/#breadcrumb\"},\"inLanguage\":\"en-US\",\"potentialAction\":[{\"@type\":\"ReadAction\",\"target\":[\"https:\\\/\\\/mindpark.se\\\/goteborg-central-coworking\\\/\"]}]},{\"@type\":\"BreadcrumbList\",\"@id\":\"https:\\\/\\\/mindpark.se\\\/goteborg-central-coworking\\\/#breadcrumb\",\"itemListElement\":[{\"@type\":\"ListItem\",\"position\":1,\"name\":\"Home\",\"item\":\"https:\\\/\\\/mindpark.se\\\/\"},{\"@type\":\"ListItem\",\"position\":2,\"name\":\"G\u00f6teborg Central Coworking\"}]},{\"@type\":\"WebSite\",\"@id\":\"https:\\\/\\\/mindpark.se\\\/#website\",\"url\":\"https:\\\/\\\/mindpark.se\\\/\",\"name\":\"Mindpark\",\"description\":\"\",\"potentialAction\":[{\"@type\":\"SearchAction\",\"target\":{\"@type\":\"EntryPoint\",\"urlTemplate\":\"https:\\\/\\\/mindpark.se\\\/?s={search_term_string}\"},\"query-input\":{\"@type\":\"PropertyValueSpecification\",\"valueRequired\":true,\"valueName\":\"search_term_string\"}}],\"inLanguage\":\"en-US\"}]}<\/script>\n<!-- \/ Yoast SEO plugin. -->","yoast_head_json":{"title":"G\u00f6teborg Central Coworking - Mindpark","robots":{"index":"index","follow":"follow","max-snippet":"max-snippet:-1","max-image-preview":"max-image-preview:large","max-video-preview":"max-video-preview:-1"},"canonical":"https:\/\/mindpark.se\/en\/goteborg-central-coworking\/","og_locale":"en_US","og_type":"article","og_title":"G\u00f6teborg Central Coworking - Mindpark","og_description":"Mindpark G\u00f6teborg Central With a great location only a few minutes from G\u00f6teborg central station this is our our second workspace in G\u00f6teborg. Mindpark G\u00f6teborg Central offers flexible office solutions [&hellip;]","og_url":"https:\/\/mindpark.se\/en\/goteborg-central-coworking\/","og_site_name":"Mindpark","article_modified_time":"2023-08-30T09:38:44+00:00","twitter_card":"summary_large_image","twitter_misc":{"Est. reading time":"3 minutes"},"schema":{"@context":"https:\/\/schema.org","@graph":[{"@type":"WebPage","@id":"https:\/\/mindpark.se\/goteborg-central-coworking\/","url":"https:\/\/mindpark.se\/goteborg-central-coworking\/","name":"G\u00f6teborg Central Coworking - Mindpark","isPartOf":{"@id":"https:\/\/mindpark.se\/#website"},"datePublished":"2023-04-13T09:21:03+00:00","dateModified":"2023-08-30T09:38:44+00:00","breadcrumb":{"@id":"https:\/\/mindpark.se\/goteborg-central-coworking\/#breadcrumb"},"inLanguage":"en-US","potentialAction":[{"@type":"ReadAction","target":["https:\/\/mindpark.se\/goteborg-central-coworking\/"]}]},{"@type":"BreadcrumbList","@id":"https:\/\/mindpark.se\/goteborg-central-coworking\/#breadcrumb","itemListElement":[{"@type":"ListItem","position":1,"name":"Home","item":"https:\/\/mindpark.se\/"},{"@type":"ListItem","position":2,"name":"G\u00f6teborg Central Coworking"}]},{"@type":"WebSite","@id":"https:\/\/mindpark.se\/#website","url":"https:\/\/mindpark.se\/","name":"Mindpark","description":"","potentialAction":[{"@type":"SearchAction","target":{"@type":"EntryPoint","urlTemplate":"https:\/\/mindpark.se\/?s={search_term_string}"},"query-input":{"@type":"PropertyValueSpecification","valueRequired":true,"valueName":"search_term_string"}}],"inLanguage":"en-US"}]}},"_links":{"self":[{"href":"https:\/\/mindpark.se\/en\/wp-json\/wp\/v2\/pages\/232257","targetHints":{"allow":["GET"]}}],"collection":[{"href":"https:\/\/mindpark.se\/en\/wp-json\/wp\/v2\/pages"}],"about":[{"href":"https:\/\/mindpark.se\/en\/wp-json\/wp\/v2\/types\/page"}],"author":[{"embeddable":true,"href":"https:\/\/mindpark.se\/en\/wp-json\/wp\/v2\/users\/22"}],"replies":[{"embeddable":true,"href":"https:\/\/mindpark.se\/en\/wp-json\/wp\/v2\/comments?post=232257"}],"version-history":[{"count":21,"href":"https:\/\/mindpark.se\/en\/wp-json\/wp\/v2\/pages\/232257\/revisions"}],"predecessor-version":[{"id":238366,"href":"https:\/\/mindpark.se\/en\/wp-json\/wp\/v2\/pages\/232257\/revisions\/238366"}],"wp:attachment":[{"href":"https:\/\/mindpark.se\/en\/wp-json\/wp\/v2\/media?parent=232257"}],"curies":[{"name":"wp","href":"https:\/\/api.w.org\/{rel}","templated":true}]}}