{"id":232120,"date":"2023-03-06T10:00:43","date_gmt":"2023-03-06T10:00:43","guid":{"rendered":"https:\/\/mindpark.se\/?page_id=232120"},"modified":"2023-03-07T07:01:09","modified_gmt":"2023-03-07T07:01:09","slug":"integritetspolicy-mindpark-group","status":"publish","type":"page","link":"https:\/\/mindpark.se\/en\/integritetspolicy-mindpark-group\/","title":{"rendered":"Integritetspolicy Mindpark Group"},"content":{"rendered":"<p>[et_pb_section fb_built=&#8221;1&#8243; admin_label=&#8221;section&#8221; _builder_version=&#8221;4.16&#8243; _module_preset=&#8221;default&#8221; global_colors_info=&#8221;{}&#8221;][et_pb_row admin_label=&#8221;row&#8221; _builder_version=&#8221;4.16&#8243; _module_preset=&#8221;default&#8221; background_size=&#8221;initial&#8221; background_position=&#8221;top_left&#8221; background_repeat=&#8221;repeat&#8221; global_colors_info=&#8221;{}&#8221;][et_pb_column type=&#8221;4_4&#8243; _builder_version=&#8221;4.16&#8243; _module_preset=&#8221;default&#8221; custom_padding=&#8221;|||&#8221; global_colors_info=&#8221;{}&#8221; custom_padding__hover=&#8221;|||&#8221;][et_pb_text admin_label=&#8221;Text&#8221; _builder_version=&#8221;4.16&#8243; _module_preset=&#8221;default&#8221; background_size=&#8221;initial&#8221; background_position=&#8221;top_left&#8221; background_repeat=&#8221;repeat&#8221; global_colors_info=&#8221;{}&#8221;]<\/p>\n<h1>Personuppgifter &amp; Integritetspolicy<\/h1>\n<p>Dataskyddsf\u00f6rordningen (DSF) \u00e4r fr\u00e5n och med 25 maj 2018 svensk lag och ers\u00e4tter PuL (Personuppgiftslagen). Lagen skyddar fysiska personers grundl\u00e4ggande r\u00e4ttigheter och friheter.<\/p>\n<p><strong>Vad \u00e4r en personuppgift?<\/strong><br \/>Alla upplysningar om en fysisk person som indirekt och direkt kan anv\u00e4ndas f\u00f6r att identifiera n\u00e5gon som till exempel namn, bild, kontaktuppgifter och annan information. Vissa uppgifter har s\u00e4rskilt skyddsv\u00e4rde.<\/p>\n<p>Mindpark Group AB och samtliga av Mindparks dotterbolag har fastslagit f\u00f6ljande integritetspolicy 18 februari 2020 f\u00f6r att du ska veta hur vi hanterar dina uppgifter. Om n\u00e5got \u00e4r sv\u00e5rt att f\u00f6rst\u00e5 eller otydligt \u00e4r du varmt v\u00e4lkommen att h\u00f6ra av dig till oss.<\/p>\n<h2>Integritetspolicy<\/h2>\n<h3>Parter och ansvar f\u00f6r behandlingen av dina personuppgifter<\/h3>\n<p>Mindpark Group AB (nedan kallad Mindpark) \u00e4r personuppgiftsansvarig f\u00f6r behandlingen av personuppgifter som sker inom ramen f\u00f6r f\u00f6retagets verksamhet.<\/p>\n<h3>Varf\u00f6r behandlar vi dina personuppgifter?<\/h3>\n<p>F\u00f6r att Mindpark ska kunna bedriva sin verksamhet behandlas personuppgifter f\u00f6r olika \u00e4ndam\u00e5l kopplade till verksamheten. Mindpark behandlar personuppgifter f\u00f6r:<\/p>\n<p><strong><em>Utskick av nyhetsbrev<br \/><\/em><\/strong>Vi skickar information kring vad som h\u00e4nder hos oss b\u00e5de till v\u00e5ra tidigare kunder och till dig som sj\u00e4lv anm\u00e4lt dig till v\u00e5rt nyhetsbrev. Detta g\u00f6r vi f\u00f6r att h\u00e5lla dig uppdaterad p\u00e5 vad som h\u00e4nder hos oss. Du kan n\u00e4r som helst v\u00e4lja att avsluta din prenumeration p\u00e5 nyhetsbrevet genom att klicka p\u00e5 l\u00e4nken i nyhetsbrevet. (Avtal\/Samtycke)<\/p>\n<p><strong><em>Information till v\u00e5ra hyresg\u00e4ster<br \/><\/em><\/strong>Vi skickar information till v\u00e5ra hyresg\u00e4ster och innehavare av membership f\u00f6r att h\u00e5lla dem uppdaterade kring rutiner, evenemang och aktuella h\u00e4ndelser. (Avtal)<\/p>\n<p><em><strong>Anm\u00e4lningar till event<br \/><\/strong><\/em>I samband med anm\u00e4lningar till event samlar vi in namn och e-postadress. Detta f\u00f6r att kunna komma i kontakt med dem som ska g\u00e5 p\u00e5 eventet i samband och efter eventet. (Gemensamt Intresse)<\/p>\n<p><em><strong>Nyckelkvittenser<br \/><\/strong><\/em>I samband med att du som hyresg\u00e4st eller anst\u00e4lld hos en hyresg\u00e4st kvitterar ut en nyckel till\u00a0 signerar du en nyckelkvittens med uppgifter om: namn, personnummer, f\u00f6retag, telefonnummer samt e-post. Dessa uppgifter anv\u00e4nder vi f\u00f6r att kunna komma i kontakt med dig i fr\u00e5gor som r\u00f6r v\u00e5r verksamhet. Det \u00e4r ocks\u00e5 en s\u00e4kerhet f\u00f6r v\u00e5ra hyresg\u00e4ster att kunna veta vilka som r\u00f6r sig i v\u00e5ra gemensamma omr\u00e5den. Anv\u00e4ndande av nyckeltaggar registreras i v\u00e5ra passagesystem. (Avtal)<\/p>\n<p><em><strong>Mottagande av paket<br \/><\/strong><\/em>Vi tar emot v\u00e5ra hyresg\u00e4sters paket. I samband med detta skickas ett mail om att paketet \u00e4r mottaget. (Avtal)<\/p>\n<p><em><strong>Mailkonversationer<\/strong><br \/><\/em>Vi sparar v\u00e5ra mailkonversationen med kunder, samarbetspartners och andra intressenter i syfte att administrera v\u00e5r aff\u00e4rsrelation.<\/p>\n<p><em><strong>Bokningar<br \/><\/strong><\/em>Vi sparar bokningar i v\u00e5rt system i syfte att skapa statistik samt f\u00f6lja trender. (Intresse)<\/p>\n<p><em><strong>Bokf\u00f6ring<br \/><\/strong><\/em>Enligt bokf\u00f6ringslagen m\u00e5ste viss information sparas i 7 \u00e5r. Vi f\u00f6ljer denna lag. (R\u00e4ttslig f\u00f6rpliktelse)<\/p>\n<p><em><strong> Betall\u00f6sningar<br \/><\/strong><\/em>I samband med betalning samlar vi in betalinformation (t ex kortnummer, transaktionstidpunkt, kortinnehavare). (Avtal)<\/p>\n<p><em><strong>Fotografier<br \/><\/strong><\/em>I syfte att skapa marknadsf\u00f6ringsmaterial i b\u00e5de tryckta och digitala kanaler tar vi mycket foton i v\u00e5ra lokaler. Vill man inte vara med p\u00e5 bild g\u00e5r det alltid bra att kontakta <a href=\"mailto:info@mindpark.se\"><span style=\"color: #a64649;\">info@mindpark.se<\/span><\/a>.<\/p>\n<h3>Vilka delar vi personuppgifter med?<\/h3>\n<p>Mindpark s\u00e4ljer aldrig vidare uppgifter eller delar till tredje part utan ber\u00f6rdas till\u00e5telse. Alla anst\u00e4llda har denna information och har i samband med sina anst\u00e4llningsavtal signerat att de inte l\u00e4mnar ut personuppgifter.<\/p>\n<h3>Hur l\u00e4nge sparar vi dina personuppgifter?<\/h3>\n<p>Mindpark kommer att genomf\u00f6ra en bed\u00f6mning \u00e5rsvis om \u00e4ndam\u00e5let med behandlingen av personuppgifterna kvarst\u00e5r. Om inte \u00e4ndam\u00e5len med behandlingen av personuppgifterna kvarst\u00e5r kommer uppgifterna att raderas.<\/p>\n<h3>Vilka r\u00e4ttigheter har du?<\/h3>\n<p>Du som kund till Mindpark har flera r\u00e4ttigheter som du b\u00f6r k\u00e4nna till.<br \/>Du har r\u00e4tt att f\u00e5 ett registerutdrag avseende bolagets behandling av dina personuppgifter. Mindpark ska vid beg\u00e4ran av registerutdrag f\u00f6rse dig med en kopia av de personuppgifter som \u00e4r under behandling.<br \/>Du har r\u00e4tt att f\u00e5 dina personuppgifter korrigerade om de \u00e4r felaktiga, ofullst\u00e4ndiga eller missvisande och r\u00e4tt att begr\u00e4nsa behandlingen av personuppgifterna tills de blir \u00e4ndrade.<br \/>Du har ocks\u00e5 r\u00e4tt att bli raderad:<br \/>&#8211; Om uppgifterna inte l\u00e4ngre beh\u00f6vs f\u00f6r de \u00e4ndam\u00e5l som de samlades in f\u00f6r<br \/>&#8211; Om behandlingen grundar sig p\u00e5 den enskildes samtycke och du \u00e5terkallar samtycket<br \/>&#8211; Om behandlingen sker f\u00f6r direktmarknadsf\u00f6ring och du mots\u00e4tter dig att uppgifterna behandlas<br \/>&#8211; Om du mots\u00e4tter dig personuppgiftsbehandling som sker inom ramen f\u00f6r myndighetsut\u00f6vning eller efter en intresseavv\u00e4gning och det inte finns ber\u00e4ttigade sk\u00e4l som v\u00e4ger tyngre \u00e4n dina intressen<br \/>&#8211; Om personuppgifterna har behandlats olagligt<br \/>&#8211; Om radering kr\u00e4vs f\u00f6r att uppfylla en r\u00e4ttslig skyldighet<\/p>\n<p>Du kan n\u00e4r som helst ut\u00f6va dina r\u00e4ttigheter genom att beg\u00e4ra tillg\u00e5ng till och r\u00e4ttelse eller radering av personuppgifter, beg\u00e4ra begr\u00e4nsning av behandling eller inv\u00e4nda mot behandling. Vidare har du r\u00e4tt att inge ett klagom\u00e5l avseende f\u00f6retagets behandling av personuppgifter till Datainspektionen, bes\u00f6k <a href=\"http:\/\/www.datainspektionen.se\">www.datainspektionen.se<\/a>.<br \/>Mer information om hur f\u00f6retaget arbetar f\u00f6r att tillvarata dina r\u00e4ttigheter \u00e5terfinns i Instruktioner f\u00f6r att tillvarata enskildas r\u00e4ttigheter.<\/p>\n<h3>Uppdatering<\/h3>\n<p>Integritetspolicyn kan med tiden beh\u00f6va uppdateras. Du hittar alltid den senaste versionen av Mindparks Integritetspolicy p\u00e5 v\u00e5r hemsida.<\/p>\n<h3>Om du vill veta mer<\/h3>\n<p>Har du fr\u00e5gor om Mindparks personuppgiftsbehandling eller vill ut\u00f6va dina r\u00e4ttigheter kontaktar du Karsten Deppert p\u00e5 <a href=\"mailto:karsten@mindpark.se\">karsten@mindpark.se<\/a>.<\/p>\n<p><em>Uppdaterad 06\/03\/2023.<\/em><\/p>\n<p>[\/et_pb_text][\/et_pb_column][\/et_pb_row][\/et_pb_section]<\/p>\n","protected":false},"excerpt":{"rendered":"<p>Personuppgifter &amp; Integritetspolicy Dataskyddsf\u00f6rordningen (DSF) \u00e4r fr\u00e5n och med 25 maj 2018 svensk lag och ers\u00e4tter PuL (Personuppgiftslagen). Lagen skyddar fysiska personers grundl\u00e4ggande r\u00e4ttigheter och friheter. Vad \u00e4r en personuppgift?Alla [&hellip;]<\/p>\n","protected":false},"author":22,"featured_media":0,"parent":0,"menu_order":0,"comment_status":"closed","ping_status":"closed","template":"","meta":{"_et_pb_use_builder":"on","_et_pb_old_content":"","_et_gb_content_width":"","footnotes":""},"class_list":["post-232120","page","type-page","status-publish","hentry"],"yoast_head":"<!-- This site is optimized with the Yoast SEO plugin v27.5 - https:\/\/yoast.com\/product\/yoast-seo-wordpress\/ -->\n<title>Integritetspolicy Mindpark Group - Mindpark<\/title>\n<meta name=\"robots\" content=\"index, follow, max-snippet:-1, max-image-preview:large, max-video-preview:-1\" \/>\n<link rel=\"canonical\" href=\"https:\/\/mindpark.se\/en\/integritetspolicy-mindpark-group\/\" \/>\n<meta property=\"og:locale\" content=\"en_US\" \/>\n<meta property=\"og:type\" content=\"article\" \/>\n<meta property=\"og:title\" content=\"Integritetspolicy Mindpark Group - Mindpark\" \/>\n<meta property=\"og:description\" content=\"Personuppgifter &amp; Integritetspolicy Dataskyddsf\u00f6rordningen (DSF) \u00e4r fr\u00e5n och med 25 maj 2018 svensk lag och ers\u00e4tter PuL (Personuppgiftslagen). Lagen skyddar fysiska personers grundl\u00e4ggande r\u00e4ttigheter och friheter. Vad \u00e4r en personuppgift?Alla [&hellip;]\" \/>\n<meta property=\"og:url\" content=\"https:\/\/mindpark.se\/en\/integritetspolicy-mindpark-group\/\" \/>\n<meta property=\"og:site_name\" content=\"Mindpark\" \/>\n<meta property=\"article:modified_time\" content=\"2023-03-07T07:01:09+00:00\" \/>\n<meta name=\"twitter:card\" content=\"summary_large_image\" \/>\n<script type=\"application\/ld+json\" class=\"yoast-schema-graph\">{\"@context\":\"https:\\\/\\\/schema.org\",\"@graph\":[{\"@type\":\"WebPage\",\"@id\":\"https:\\\/\\\/mindpark.se\\\/integritetspolicy-mindpark-group\\\/\",\"url\":\"https:\\\/\\\/mindpark.se\\\/integritetspolicy-mindpark-group\\\/\",\"name\":\"Integritetspolicy Mindpark Group - Mindpark\",\"isPartOf\":{\"@id\":\"https:\\\/\\\/mindpark.se\\\/#website\"},\"datePublished\":\"2023-03-06T10:00:43+00:00\",\"dateModified\":\"2023-03-07T07:01:09+00:00\",\"breadcrumb\":{\"@id\":\"https:\\\/\\\/mindpark.se\\\/integritetspolicy-mindpark-group\\\/#breadcrumb\"},\"inLanguage\":\"en-US\",\"potentialAction\":[{\"@type\":\"ReadAction\",\"target\":[\"https:\\\/\\\/mindpark.se\\\/integritetspolicy-mindpark-group\\\/\"]}]},{\"@type\":\"BreadcrumbList\",\"@id\":\"https:\\\/\\\/mindpark.se\\\/integritetspolicy-mindpark-group\\\/#breadcrumb\",\"itemListElement\":[{\"@type\":\"ListItem\",\"position\":1,\"name\":\"Home\",\"item\":\"https:\\\/\\\/mindpark.se\\\/\"},{\"@type\":\"ListItem\",\"position\":2,\"name\":\"Integritetspolicy Mindpark Group\"}]},{\"@type\":\"WebSite\",\"@id\":\"https:\\\/\\\/mindpark.se\\\/#website\",\"url\":\"https:\\\/\\\/mindpark.se\\\/\",\"name\":\"Mindpark\",\"description\":\"\",\"potentialAction\":[{\"@type\":\"SearchAction\",\"target\":{\"@type\":\"EntryPoint\",\"urlTemplate\":\"https:\\\/\\\/mindpark.se\\\/?s={search_term_string}\"},\"query-input\":{\"@type\":\"PropertyValueSpecification\",\"valueRequired\":true,\"valueName\":\"search_term_string\"}}],\"inLanguage\":\"en-US\"}]}<\/script>\n<!-- \/ Yoast SEO plugin. -->","yoast_head_json":{"title":"Integritetspolicy Mindpark Group - Mindpark","robots":{"index":"index","follow":"follow","max-snippet":"max-snippet:-1","max-image-preview":"max-image-preview:large","max-video-preview":"max-video-preview:-1"},"canonical":"https:\/\/mindpark.se\/en\/integritetspolicy-mindpark-group\/","og_locale":"en_US","og_type":"article","og_title":"Integritetspolicy Mindpark Group - Mindpark","og_description":"Personuppgifter &amp; Integritetspolicy Dataskyddsf\u00f6rordningen (DSF) \u00e4r fr\u00e5n och med 25 maj 2018 svensk lag och ers\u00e4tter PuL (Personuppgiftslagen). Lagen skyddar fysiska personers grundl\u00e4ggande r\u00e4ttigheter och friheter. Vad \u00e4r en personuppgift?Alla [&hellip;]","og_url":"https:\/\/mindpark.se\/en\/integritetspolicy-mindpark-group\/","og_site_name":"Mindpark","article_modified_time":"2023-03-07T07:01:09+00:00","twitter_card":"summary_large_image","schema":{"@context":"https:\/\/schema.org","@graph":[{"@type":"WebPage","@id":"https:\/\/mindpark.se\/integritetspolicy-mindpark-group\/","url":"https:\/\/mindpark.se\/integritetspolicy-mindpark-group\/","name":"Integritetspolicy Mindpark Group - Mindpark","isPartOf":{"@id":"https:\/\/mindpark.se\/#website"},"datePublished":"2023-03-06T10:00:43+00:00","dateModified":"2023-03-07T07:01:09+00:00","breadcrumb":{"@id":"https:\/\/mindpark.se\/integritetspolicy-mindpark-group\/#breadcrumb"},"inLanguage":"en-US","potentialAction":[{"@type":"ReadAction","target":["https:\/\/mindpark.se\/integritetspolicy-mindpark-group\/"]}]},{"@type":"BreadcrumbList","@id":"https:\/\/mindpark.se\/integritetspolicy-mindpark-group\/#breadcrumb","itemListElement":[{"@type":"ListItem","position":1,"name":"Home","item":"https:\/\/mindpark.se\/"},{"@type":"ListItem","position":2,"name":"Integritetspolicy Mindpark Group"}]},{"@type":"WebSite","@id":"https:\/\/mindpark.se\/#website","url":"https:\/\/mindpark.se\/","name":"Mindpark","description":"","potentialAction":[{"@type":"SearchAction","target":{"@type":"EntryPoint","urlTemplate":"https:\/\/mindpark.se\/?s={search_term_string}"},"query-input":{"@type":"PropertyValueSpecification","valueRequired":true,"valueName":"search_term_string"}}],"inLanguage":"en-US"}]}},"_links":{"self":[{"href":"https:\/\/mindpark.se\/en\/wp-json\/wp\/v2\/pages\/232120","targetHints":{"allow":["GET"]}}],"collection":[{"href":"https:\/\/mindpark.se\/en\/wp-json\/wp\/v2\/pages"}],"about":[{"href":"https:\/\/mindpark.se\/en\/wp-json\/wp\/v2\/types\/page"}],"author":[{"embeddable":true,"href":"https:\/\/mindpark.se\/en\/wp-json\/wp\/v2\/users\/22"}],"replies":[{"embeddable":true,"href":"https:\/\/mindpark.se\/en\/wp-json\/wp\/v2\/comments?post=232120"}],"version-history":[{"count":6,"href":"https:\/\/mindpark.se\/en\/wp-json\/wp\/v2\/pages\/232120\/revisions"}],"predecessor-version":[{"id":232128,"href":"https:\/\/mindpark.se\/en\/wp-json\/wp\/v2\/pages\/232120\/revisions\/232128"}],"wp:attachment":[{"href":"https:\/\/mindpark.se\/en\/wp-json\/wp\/v2\/media?parent=232120"}],"curies":[{"name":"wp","href":"https:\/\/api.w.org\/{rel}","templated":true}]}}